{"id":634,"date":"2025-03-03T10:17:43","date_gmt":"2025-03-03T02:17:43","guid":{"rendered":"https:\/\/obgtha.com\/?post_type=product&#038;p=634"},"modified":"2025-03-03T18:08:30","modified_gmt":"2025-03-03T10:08:30","slug":"125l-large-plastic-portable-tool-box-with-wheels","status":"publish","type":"product","link":"http:\/\/obgtha.com\/zh\/product\/125l-large-plastic-portable-tool-box-with-wheels\/","title":{"rendered":"125L \u5927\u578b\u5851\u6599\u4fbf\u643a\u5f0f\u5de5\u5177\u7bb1\uff08\u5e26\u8f6e\u5b50"},"content":{"rendered":"<div class=\"mt-6\">\n<section class=\"text-themeSecondary500 py-5 bg-white\">\n<div class=\"py-4 pl-5 lg:pl-7 flex flex-col gap-1 md:flex-row bg-themeSecondary100\">\n<p class=\"font-normal text-base text-themeSecondary800 w-full md:w-1\/4 font-SGB\"><span style=\"color: #333333; font-size: 23.04px;\">\u8bf4\u660e<\/span><\/p>\n<\/div>\n<\/section>\n<section class=\"text-themeSecondary500 max-w-4xl mx-auto\">\n<div class=\"css-1qbfsa\">\n<div id=\"detail_decorate_root\" data-magic-global=\"%7B%22bizId%22%3A2207252297448%2C%22pageId%22%3A21428134001%2C%22siteId%22%3A5005919552%7D\">\n<div class=\"J_module\">\n<div class=\"icbu-pc-images magic-0\">\n<div>\n<div class=\"flex-layout-v\">\n<div class=\"flex-layout-h magic-0\">\n<div class=\"magic-1\"><img decoding=\"async\" class=\"w-full\" src=\"\/\/sc04.alicdn.com\/kf\/H4cef8ae6d0f44c93b90e087ced9a8fc5m\/240157739\/H4cef8ae6d0f44c93b90e087ced9a8fc5m.jpg\" \/><\/div>\n<\/div>\n<\/div>\n<\/div>\n<\/div>\n<\/div>\n<div class=\"J_module\">\n<div class=\"icbu-pc-images magic-0\">\n<div>\n<div class=\"flex-layout-h\">\n<div class=\"flex-layout-v magic-3\">\n<div class=\"magic-4\"><img decoding=\"async\" class=\"w-full\" src=\"\/\/sc04.alicdn.com\/kf\/Hc68baa6f622b4a51ab5c5d78e26c4962P\/240157739\/Hc68baa6f622b4a51ab5c5d78e26c4962P.png\" \/><\/div>\n<\/div>\n<div class=\"text-wrapper magic-6\">\n<div class=\"text-wrapper-right text-theme-light text-align-left\">\n<div class=\"text-title\">BR-T125 \u5de5\u5177\u7bb1<\/div>\n<div class=\"text-content\">\n<p>\u8fd9\u4e2a\u662f\u6211\u4eec\u6700\u65b0\u7684\u5de5\u5177\u7bb1<br \/>\n\u7531\u6eda\u5851\u6280\u672f\u5236\u6210\u3002<\/p>\n<div>\u662f\u975e\u5e38\u575a\u56fa\u8010\u7528\u7684\u3002<\/div>\n<\/div>\n<\/div>\n<\/div>\n<\/div>\n<\/div>\n<\/div>\n<\/div>\n<div class=\"J_module\">\n<div class=\"detail-decorate-json-renderer-container\">\n<div class=\"magic-7\">\n<div class=\"magic-8\">\n<div class=\"magic-9\">\n<div class=\"magic-10\"><img decoding=\"async\" class=\"w-full\" src=\"\/\/sc04.alicdn.com\/kf\/Hc95d2bf3c7cb44079bc5d4a6bebd3bd94\/240157739\/Hc95d2bf3c7cb44079bc5d4a6bebd3bd94.jpg\" \/><\/div>\n<\/div>\n<\/div>\n<div class=\"magic-12\">\n<div class=\"magic-9\">\n<div class=\"ife-detail-decorate-table\">\n<table class=\"has-title all magic-13\">\n<tbody>\n<tr>\n<td colspan=\"2\" rowspan=\"1\">\n<div class=\"magic-14\">\n<div class=\"magic-15\" data-spm-anchor-id=\"a2700.custom-template.0.i39.d617333388fVf0\"><b>95L \u5de5\u5177\u7bb1<\/b><\/div>\n<\/div>\n<\/td>\n<td class=\"magic-16\" rowspan=\"0\">\n<div class=\"magic-17\">\n<div class=\"magic-18\" data-spm-anchor-id=\"a2700.custom-template.0.i40.d617333388fVf0\">95L \u5de5\u5177\u7bb1<\/div>\n<\/div>\n<\/td>\n<\/tr>\n<tr>\n<td colspan=\"1\" rowspan=\"1\">\n<div class=\"magic-19\">\u5377\u6570<\/div>\n<\/td>\n<td colspan=\"1\" rowspan=\"1\">\n<div class=\"magic-20\">125 \u5347<\/div>\n<\/td>\n<\/tr>\n<tr>\n<td colspan=\"1\" rowspan=\"1\">\n<div class=\"magic-19\">\u6750\u6599<\/div>\n<\/td>\n<td colspan=\"1\" rowspan=\"1\">\n<div class=\"magic-20\">LLDPE<\/div>\n<\/td>\n<\/tr>\n<tr>\n<td colspan=\"1\" rowspan=\"1\">\n<div class=\"magic-19\">\u5916\u90e8\u5c3a\u5bf8<\/div>\n<\/td>\n<td colspan=\"1\" rowspan=\"1\">\n<div class=\"magic-20\">90\u00d756\u00d742.5CM<\/div>\n<\/td>\n<\/tr>\n<tr>\n<td colspan=\"1\" rowspan=\"1\">\n<div class=\"magic-19\">\u5185\u90e8\u5c3a\u5bf8<\/div>\n<\/td>\n<td colspan=\"1\" rowspan=\"1\">\n<div class=\"magic-20\">\n<p><span class=\"magic-21\" data-spm-anchor-id=\"a2700.custom-template.0.i6.39493333NJGEJ6\">79\u00d745\u00d732CM<\/span><\/p>\n<\/div>\n<\/td>\n<\/tr>\n<tr>\n<td colspan=\"1\" rowspan=\"1\">\n<div class=\"magic-19\">\u7eb8\u7bb1\u5c3a\u5bf8<\/div>\n<\/td>\n<td colspan=\"1\" rowspan=\"1\">\n<div class=\"magic-20\">93\u00d757\u00d745CM<\/div>\n<\/td>\n<\/tr>\n<tr>\n<td colspan=\"1\" rowspan=\"1\">\n<div class=\"magic-19\">\u5305\u88c5<\/div>\n<\/td>\n<td colspan=\"1\" rowspan=\"1\">\n<div class=\"magic-20\">1 \u4e2a\/OPP \u888b+1 \u4e2a\/CTN<\/div>\n<\/td>\n<\/tr>\n<tr>\n<td colspan=\"1\" rowspan=\"1\">\n<div class=\"magic-19\">G.W.\/N.W.<\/div>\n<\/td>\n<td colspan=\"1\" rowspan=\"1\">\n<div class=\"magic-20\">16KGS\/15.5KGS<\/div>\n<\/td>\n<\/tr>\n<tr>\n<td colspan=\"1\" rowspan=\"1\">\n<div class=\"magic-19\">CMB\/Cube FT<\/div>\n<\/td>\n<td colspan=\"1\" rowspan=\"1\">\n<div class=\"magic-20\">0.228cbm<\/div>\n<\/td>\n<\/tr>\n<tr>\n<td colspan=\"1\" rowspan=\"1\">\n<div class=\"magic-19\">\u96c6\u88c5\u7bb1\u88c5\u8f7d\u91cf<\/div>\n<\/td>\n<td colspan=\"1\" rowspan=\"1\">\n<div class=\"magic-20\">122 \u4ef6\/20 \u82f1\u5c3a\uff1b298 \u4ef6\/40 \u5c0f\u65f6<\/div>\n<\/td>\n<\/tr>\n<tr>\n<td colspan=\"1\" rowspan=\"1\">\n<div class=\"magic-19\">\u7279\u70b9<\/div>\n<\/td>\n<td colspan=\"1\" rowspan=\"1\">\n<div class=\"magic-20\">2 \u4e2a\u8f6e\u5b50\uff0c\u624b\u67c4<\/div>\n<\/td>\n<\/tr>\n<\/tbody>\n<\/table>\n<\/div>\n<\/div>\n<\/div>\n<\/div>\n<\/div>\n<\/div>\n<div class=\"J_module\">\n<div id=\"ali-anchor-AliMagic-7ao412\" class=\"magic-22\" data-section=\"AliMagic-7ao412\" data-section-title=\"Details Images\">\u8be6\u60c5 \u56fe\u7247<\/div>\n<\/div>\n<div class=\"J_module\">\n<div class=\"icbu-pc-detailManyImage magic-23\">\n<div class=\"magic-24\"><img decoding=\"async\" class=\"w-full\" src=\"\/\/sc04.alicdn.com\/kf\/H4ee6411502244a65ab0b70ed8a9c3e5fR\/240157739\/H4ee6411502244a65ab0b70ed8a9c3e5fR.jpg\" \/><\/div>\n<div class=\"magic-24\"><img decoding=\"async\" class=\"w-full\" src=\"\/\/sc04.alicdn.com\/kf\/H9963e12b48024af9bbf09854a28c14975\/240157739\/H9963e12b48024af9bbf09854a28c14975.jpg\" \/><\/div>\n<div class=\"magic-24\"><img decoding=\"async\" class=\"w-full\" src=\"\/\/sc04.alicdn.com\/kf\/H0e3ac267051744bdae4401c6bfc8b7baa\/240157739\/H0e3ac267051744bdae4401c6bfc8b7baa.jpg\" \/><\/div>\n<\/div>\n<\/div>\n<div class=\"J_module\">\n<div id=\"ali-anchor-AliMagic-4z3azn\" class=\"magic-22\" data-section=\"AliMagic-4z3azn\" data-section-title=\"Product real picture\">\u4ea7\u54c1\u5b9e\u666f\u56fe<\/div>\n<\/div>\n<div class=\"J_module\">\n<div class=\"icbu-pc-images magic-0\">\n<div>\n<div class=\"flex-layout-v\">\n<div class=\"flex-layout-h magic-0\">\n<div class=\"magic-26\"><img decoding=\"async\" class=\"w-full\" src=\"\/\/sc04.alicdn.com\/kf\/H058463e15a9d49b1948dd54b074e8fb0N\/240157739\/H058463e15a9d49b1948dd54b074e8fb0N.jpg\" \/><\/div>\n<div class=\"magic-28\"><img decoding=\"async\" class=\"w-full\" src=\"\/\/sc04.alicdn.com\/kf\/H282039a456a54ab68149f3456ff904b0G\/240157739\/H282039a456a54ab68149f3456ff904b0G.jpg\" \/><\/div>\n<\/div>\n<\/div>\n<\/div>\n<\/div>\n<\/div>\n<div class=\"J_module\">\n<div class=\"icbu-pc-images magic-0\">\n<div>\n<div class=\"flex-layout-v\">\n<div class=\"flex-layout-h magic-0\">\n<div class=\"magic-30\"><img decoding=\"async\" class=\"w-full\" src=\"\/\/sc04.alicdn.com\/kf\/H32745129f4d2490785a5006a9a55e280m\/240157739\/H32745129f4d2490785a5006a9a55e280m.jpg\" \/><\/div>\n<div class=\"magic-28\"><img decoding=\"async\" class=\"w-full\" src=\"\/\/sc04.alicdn.com\/kf\/He57470d2a1394be6973e3b0a0e39e028p\/240157739\/He57470d2a1394be6973e3b0a0e39e028p.jpg\" \/><\/div>\n<\/div>\n<\/div>\n<\/div>\n<\/div>\n<\/div>\n<div class=\"J_module\">\n<div id=\"ali-anchor-AliMagic-iy3o99\" class=\"magic-22\" data-section=\"AliMagic-iy3o99\" data-section-title=\"Factory display\">\u5de5\u5382\u663e\u793a\u5c4f<\/div>\n<\/div>\n<div class=\"J_module\">\n<div class=\"icbu-pc-images magic-0\">\n<div>\n<div class=\"flex-layout-v\">\n<div class=\"flex-layout-h magic-0\">\n<div class=\"magic-32\"><img decoding=\"async\" class=\"w-full\" src=\"\/\/sc04.alicdn.com\/kf\/Hbf3fdda131e943fc86b2723be5b51c57C\/240157739\/Hbf3fdda131e943fc86b2723be5b51c57C.jpg\" \/><\/div>\n<\/div>\n<\/div>\n<\/div>\n<\/div>\n<\/div>\n<div class=\"J_module\">\n<div class=\"icbu-pc-images magic-0\">\n<div>\n<div class=\"flex-layout-v\">\n<div class=\"flex-layout-h magic-0\">\n<div class=\"magic-34\"><img decoding=\"async\" class=\"w-full\" src=\"\/\/sc04.alicdn.com\/kf\/H7fb00cc1760049eea9cbb46951f439c1G\/240157739\/H7fb00cc1760049eea9cbb46951f439c1G.jpg\" \/><\/div>\n<\/div>\n<\/div>\n<\/div>\n<\/div>\n<\/div>\n<div class=\"J_module\">\n<div id=\"ali-anchor-AliMagic-dfe2iw\" class=\"magic-22\" data-section=\"AliMagic-dfe2iw\" data-section-title=\"Certificates\">\u8bc1\u4e66<\/div>\n<\/div>\n<div class=\"J_module\">\n<div class=\"icbu-pc-images magic-0\">\n<div>\n<div class=\"flex-layout-v\">\n<div class=\"flex-layout-h magic-0\">\n<div class=\"magic-36\"><img decoding=\"async\" class=\"w-full\" src=\"\/\/sc04.alicdn.com\/kf\/Heb9d11c331e34e498ce907ccf48f96ceU\/240157739\/Heb9d11c331e34e498ce907ccf48f96ceU.jpg\" \/><\/div>\n<\/div>\n<\/div>\n<\/div>\n<\/div>\n<\/div>\n<div class=\"J_module\">\n<div id=\"ali-anchor-AliMagic-8qkrb5\" class=\"magic-22\" data-section=\"AliMagic-8qkrb5\" data-section-title=\"Shipping&amp;Packing\">\u8fd0\u8f93\u548c\u5305\u88c5<\/div>\n<\/div>\n<div class=\"J_module\">\n<div class=\"icbu-pc-images magic-0\">\n<div>\n<div class=\"flex-layout-v\">\n<div class=\"flex-layout-h magic-0\">\n<div class=\"magic-38\"><img decoding=\"async\" class=\"w-full\" src=\"\/\/sc04.alicdn.com\/kf\/H7cd33c7fc41143be92f960d652fb5d989\/240157739\/H7cd33c7fc41143be92f960d652fb5d989.jpg\" \/><\/div>\n<\/div>\n<\/div>\n<\/div>\n<\/div>\n<\/div>\n<div class=\"J_module\">\n<div class=\"icbu-pc-images magic-0\">\n<div>\n<div class=\"flex-layout-v\">\n<div class=\"flex-layout-h magic-0\">\n<div class=\"magic-40\"><img decoding=\"async\" class=\"w-full\" src=\"\/\/sc04.alicdn.com\/kf\/Hb10a5de85ded427c9fc4631557ddc1a8K\/240157739\/Hb10a5de85ded427c9fc4631557ddc1a8K.jpg\" \/><span style=\"font-size: 14.4px;\">\u00a0<\/span><\/div>\n<\/div>\n<\/div>\n<\/div>\n<\/div>\n<\/div>\n<\/div>\n<\/div>\n<\/section>\n<\/div>","protected":false},"excerpt":{"rendered":"<p>BR-T125 \u5de5\u5177\u7bb1 BR-T125 \u5de5\u5177\u7bb1\u662f\u6211\u516c\u53f8\u6700\u65b0\u63a8\u51fa\u7684\u4e00\u6b3e\u5de5\u5177\u7bb1\uff0c\u91c7\u7528\u6eda\u5851\u6280\u672f\u5236\u6210\uff0c\u975e\u5e38\u7ed3\u5b9e\u8010\u7528\u300295L \u5de5\u5177\u7bb1 95L \u5de5\u5177\u7bb1 \u5bb9\u79ef 125Litres \u6750\u8d28 LLDPE \u5916\u90e8\u5c3a\u5bf8 90\u00d756\u00d742.5CM \u5185\u90e8\u5c3a\u5bf8 79\u00d745\u00d732CM \u7eb8\u7bb1\u5c3a\u5bf8 93\u00d757\u00d745CM \u5305\u88c5 1\u4e2a\/OPP\u888b+1\u4e2a\/CTN \u539a\u91cd\/\u51c0\u91cd 16KGS\/15.5KGS CMB\/Cube FT 0.228cbm \u96c6\u88c5\u7bb1\u88c5\u8f7d\u91cf 122PCS\/20FT; [...]","protected":false},"featured_media":641,"comment_status":"open","ping_status":"closed","template":"","meta":[],"product_brand":[],"product_cat":[21],"product_tag":[],"class_list":{"0":"post-634","1":"product","2":"type-product","3":"status-publish","4":"has-post-thumbnail","6":"product_cat-other-rotational-molding-products","8":"first","9":"instock","10":"shipping-taxable","11":"product-type-simple"},"yoast_head":"<!-- This site is optimized with the Yoast SEO plugin v24.5 - https:\/\/yoast.com\/wordpress\/plugins\/seo\/ -->\n<title>125L Large Plastic Portable Tool Box with Wheels - Oriental Bridge Global<\/title>\n<meta name=\"robots\" content=\"index, follow, max-snippet:-1, max-image-preview:large, max-video-preview:-1\" \/>\n<link rel=\"canonical\" href=\"https:\/\/obgtha.com\/zh\/product\/125l-large-plastic-portable-tool-box-with-wheels\/\" \/>\n<meta property=\"og:locale\" content=\"zh_CN\" \/>\n<meta property=\"og:type\" content=\"article\" \/>\n<meta property=\"og:title\" content=\"125L Large Plastic Portable Tool Box with Wheels - Oriental Bridge Global\" \/>\n<meta property=\"og:description\" content=\"Description BR-T125 Tool Box This one is our latest tool box made of the rotomolding technology. is the very strong and durable. 95L tool box 95L tool box Volume 125Litres Material LLDPE External Size 90\u00d756\u00d742.5CM Internal Size 79\u00d745\u00d732CM Carton box size 93\u00d757\u00d745CM Packing 1pc\/ OPP bag+1PC\/CTN G.W.\/N.W. 16KGS\/15.5KGS CMB\/Cube FT 0.228cbm Container Load Qty 122PCS\/20FT; [...]\" \/>\n<meta property=\"og:url\" content=\"https:\/\/obgtha.com\/zh\/product\/125l-large-plastic-portable-tool-box-with-wheels\/\" \/>\n<meta property=\"og:site_name\" content=\"Oriental Bridge Global\" \/>\n<meta property=\"article:modified_time\" content=\"2025-03-03T10:08:30+00:00\" \/>\n<meta property=\"og:image\" content=\"https:\/\/obgtha.com\/wp-content\/uploads\/2025\/03\/Raystreak-21.jpg\" \/>\n\t<meta property=\"og:image:width\" content=\"500\" \/>\n\t<meta property=\"og:image:height\" content=\"500\" \/>\n\t<meta property=\"og:image:type\" content=\"image\/jpeg\" \/>\n<meta name=\"twitter:card\" content=\"summary_large_image\" \/>\n<meta name=\"twitter:label1\" content=\"\u9884\u8ba1\u9605\u8bfb\u65f6\u95f4\" \/>\n\t<meta name=\"twitter:data1\" content=\"4 \u5206\" \/>\n<script type=\"application\/ld+json\" class=\"yoast-schema-graph\">{\"@context\":\"https:\/\/schema.org\",\"@graph\":[{\"@type\":\"WebPage\",\"@id\":\"https:\/\/obgtha.com\/product\/125l-large-plastic-portable-tool-box-with-wheels\/\",\"url\":\"https:\/\/obgtha.com\/product\/125l-large-plastic-portable-tool-box-with-wheels\/\",\"name\":\"125L Large Plastic Portable Tool Box with Wheels - Oriental Bridge Global\",\"isPartOf\":{\"@id\":\"http:\/\/obgtha.com\/zh\/#website\"},\"primaryImageOfPage\":{\"@id\":\"https:\/\/obgtha.com\/product\/125l-large-plastic-portable-tool-box-with-wheels\/#primaryimage\"},\"image\":{\"@id\":\"https:\/\/obgtha.com\/product\/125l-large-plastic-portable-tool-box-with-wheels\/#primaryimage\"},\"thumbnailUrl\":\"http:\/\/obgtha.com\/wp-content\/uploads\/2025\/03\/Raystreak-21.jpg\",\"datePublished\":\"2025-03-03T02:17:43+00:00\",\"dateModified\":\"2025-03-03T10:08:30+00:00\",\"breadcrumb\":{\"@id\":\"https:\/\/obgtha.com\/product\/125l-large-plastic-portable-tool-box-with-wheels\/#breadcrumb\"},\"inLanguage\":\"zh-Hans\",\"potentialAction\":[{\"@type\":\"ReadAction\",\"target\":[\"https:\/\/obgtha.com\/product\/125l-large-plastic-portable-tool-box-with-wheels\/\"]}]},{\"@type\":\"ImageObject\",\"inLanguage\":\"zh-Hans\",\"@id\":\"https:\/\/obgtha.com\/product\/125l-large-plastic-portable-tool-box-with-wheels\/#primaryimage\",\"url\":\"http:\/\/obgtha.com\/wp-content\/uploads\/2025\/03\/Raystreak-21.jpg\",\"contentUrl\":\"http:\/\/obgtha.com\/wp-content\/uploads\/2025\/03\/Raystreak-21.jpg\",\"width\":500,\"height\":500},{\"@type\":\"BreadcrumbList\",\"@id\":\"https:\/\/obgtha.com\/product\/125l-large-plastic-portable-tool-box-with-wheels\/#breadcrumb\",\"itemListElement\":[{\"@type\":\"ListItem\",\"position\":1,\"name\":\"Home\",\"item\":\"http:\/\/obgtha.com\/zh\/\"},{\"@type\":\"ListItem\",\"position\":2,\"name\":\"Shop\",\"item\":\"http:\/\/obgtha.com\/shop\/\"},{\"@type\":\"ListItem\",\"position\":3,\"name\":\"125L Large Plastic Portable Tool Box with Wheels\"}]},{\"@type\":\"WebSite\",\"@id\":\"http:\/\/obgtha.com\/zh\/#website\",\"url\":\"http:\/\/obgtha.com\/zh\/\",\"name\":\"Oriental Bridge Global\",\"description\":\"\",\"potentialAction\":[{\"@type\":\"SearchAction\",\"target\":{\"@type\":\"EntryPoint\",\"urlTemplate\":\"http:\/\/obgtha.com\/zh\/?s={search_term_string}\"},\"query-input\":{\"@type\":\"PropertyValueSpecification\",\"valueRequired\":true,\"valueName\":\"search_term_string\"}}],\"inLanguage\":\"zh-Hans\"}]}<\/script>\n<!-- \/ Yoast SEO plugin. -->","yoast_head_json":{"title":"125L Large Plastic Portable Tool Box with Wheels - Oriental Bridge Global","robots":{"index":"index","follow":"follow","max-snippet":"max-snippet:-1","max-image-preview":"max-image-preview:large","max-video-preview":"max-video-preview:-1"},"canonical":"https:\/\/obgtha.com\/zh\/product\/125l-large-plastic-portable-tool-box-with-wheels\/","og_locale":"zh_CN","og_type":"article","og_title":"125L Large Plastic Portable Tool Box with Wheels - Oriental Bridge Global","og_description":"Description BR-T125 Tool Box This one is our latest tool box made of the rotomolding technology. is the very strong and durable. 95L tool box 95L tool box Volume 125Litres Material LLDPE External Size 90\u00d756\u00d742.5CM Internal Size 79\u00d745\u00d732CM Carton box size 93\u00d757\u00d745CM Packing 1pc\/ OPP bag+1PC\/CTN G.W.\/N.W. 16KGS\/15.5KGS CMB\/Cube FT 0.228cbm Container Load Qty 122PCS\/20FT; [...]","og_url":"https:\/\/obgtha.com\/zh\/product\/125l-large-plastic-portable-tool-box-with-wheels\/","og_site_name":"Oriental Bridge Global","article_modified_time":"2025-03-03T10:08:30+00:00","og_image":[{"width":500,"height":500,"url":"https:\/\/obgtha.com\/wp-content\/uploads\/2025\/03\/Raystreak-21.jpg","type":"image\/jpeg"}],"twitter_card":"summary_large_image","twitter_misc":{"\u9884\u8ba1\u9605\u8bfb\u65f6\u95f4":"4 \u5206"},"schema":{"@context":"https:\/\/schema.org","@graph":[{"@type":"WebPage","@id":"https:\/\/obgtha.com\/product\/125l-large-plastic-portable-tool-box-with-wheels\/","url":"https:\/\/obgtha.com\/product\/125l-large-plastic-portable-tool-box-with-wheels\/","name":"125L Large Plastic Portable Tool Box with Wheels - Oriental Bridge Global","isPartOf":{"@id":"http:\/\/obgtha.com\/zh\/#website"},"primaryImageOfPage":{"@id":"https:\/\/obgtha.com\/product\/125l-large-plastic-portable-tool-box-with-wheels\/#primaryimage"},"image":{"@id":"https:\/\/obgtha.com\/product\/125l-large-plastic-portable-tool-box-with-wheels\/#primaryimage"},"thumbnailUrl":"http:\/\/obgtha.com\/wp-content\/uploads\/2025\/03\/Raystreak-21.jpg","datePublished":"2025-03-03T02:17:43+00:00","dateModified":"2025-03-03T10:08:30+00:00","breadcrumb":{"@id":"https:\/\/obgtha.com\/product\/125l-large-plastic-portable-tool-box-with-wheels\/#breadcrumb"},"inLanguage":"zh-Hans","potentialAction":[{"@type":"ReadAction","target":["https:\/\/obgtha.com\/product\/125l-large-plastic-portable-tool-box-with-wheels\/"]}]},{"@type":"ImageObject","inLanguage":"zh-Hans","@id":"https:\/\/obgtha.com\/product\/125l-large-plastic-portable-tool-box-with-wheels\/#primaryimage","url":"http:\/\/obgtha.com\/wp-content\/uploads\/2025\/03\/Raystreak-21.jpg","contentUrl":"http:\/\/obgtha.com\/wp-content\/uploads\/2025\/03\/Raystreak-21.jpg","width":500,"height":500},{"@type":"BreadcrumbList","@id":"https:\/\/obgtha.com\/product\/125l-large-plastic-portable-tool-box-with-wheels\/#breadcrumb","itemListElement":[{"@type":"ListItem","position":1,"name":"Home","item":"http:\/\/obgtha.com\/zh\/"},{"@type":"ListItem","position":2,"name":"Shop","item":"http:\/\/obgtha.com\/shop\/"},{"@type":"ListItem","position":3,"name":"125L Large Plastic Portable Tool Box with Wheels"}]},{"@type":"WebSite","@id":"http:\/\/obgtha.com\/zh\/#website","url":"http:\/\/obgtha.com\/zh\/","name":"Oriental Bridge Global","description":"","potentialAction":[{"@type":"SearchAction","target":{"@type":"EntryPoint","urlTemplate":"http:\/\/obgtha.com\/zh\/?s={search_term_string}"},"query-input":{"@type":"PropertyValueSpecification","valueRequired":true,"valueName":"search_term_string"}}],"inLanguage":"zh-Hans"}]}},"_links":{"self":[{"href":"http:\/\/obgtha.com\/zh\/wp-json\/wp\/v2\/product\/634","targetHints":{"allow":["GET"]}}],"collection":[{"href":"http:\/\/obgtha.com\/zh\/wp-json\/wp\/v2\/product"}],"about":[{"href":"http:\/\/obgtha.com\/zh\/wp-json\/wp\/v2\/types\/product"}],"replies":[{"embeddable":true,"href":"http:\/\/obgtha.com\/zh\/wp-json\/wp\/v2\/comments?post=634"}],"wp:featuredmedia":[{"embeddable":true,"href":"http:\/\/obgtha.com\/zh\/wp-json\/wp\/v2\/media\/641"}],"wp:attachment":[{"href":"http:\/\/obgtha.com\/zh\/wp-json\/wp\/v2\/media?parent=634"}],"wp:term":[{"taxonomy":"product_brand","embeddable":true,"href":"http:\/\/obgtha.com\/zh\/wp-json\/wp\/v2\/product_brand?post=634"},{"taxonomy":"product_cat","embeddable":true,"href":"http:\/\/obgtha.com\/zh\/wp-json\/wp\/v2\/product_cat?post=634"},{"taxonomy":"product_tag","embeddable":true,"href":"http:\/\/obgtha.com\/zh\/wp-json\/wp\/v2\/product_tag?post=634"}],"curies":[{"name":"wp","href":"https:\/\/api.w.org\/{rel}","templated":true}]}}